{"id":1271,"date":"2024-09-03T14:30:32","date_gmt":"2024-09-03T11:30:32","guid":{"rendered":"https:\/\/josvainiugeles.lt\/?post_type=augalo-kortele&#038;p=1271"},"modified":"2024-09-03T14:39:18","modified_gmt":"2024-09-03T11:39:18","slug":"deschampsia-cespitosa-palava-kupstine-sluotsmilge-palava","status":"publish","type":"product","link":"https:\/\/josvainiugeles.lt\/en\/augalai\/deschampsia-cespitosa-palava-kupstine-sluotsmilge-palava\/","title":{"rendered":"Deschampsia cespitosa &#8216;Palava&#8217; &#8211; Kupstin\u0117 \u0161luotsmilg\u0117 &#8216;Palava&#8217;"},"content":{"rendered":"","protected":false},"excerpt":{"rendered":"","protected":false},"featured_media":1272,"template":"","meta":{"_acf_changed":false,"inline_featured_image":false,"slim_seo":[]},"product_cat":[36],"product_tag":[],"class_list":{"0":"post-1271","1":"product","2":"type-product","3":"status-publish","4":"has-post-thumbnail","6":"product_cat-be-kategorijos","7":"post-wrapper","8":"thrv_wrapper","10":"first","11":"instock","12":"shipping-taxable","13":"product-type-simple"},"acf":[],"_links":{"self":[{"href":"https:\/\/josvainiugeles.lt\/en\/wp-json\/wp\/v2\/product\/1271","targetHints":{"allow":["GET"]}}],"collection":[{"href":"https:\/\/josvainiugeles.lt\/en\/wp-json\/wp\/v2\/product"}],"about":[{"href":"https:\/\/josvainiugeles.lt\/en\/wp-json\/wp\/v2\/types\/product"}],"wp:featuredmedia":[{"embeddable":true,"href":"https:\/\/josvainiugeles.lt\/en\/wp-json\/wp\/v2\/media\/1272"}],"wp:attachment":[{"href":"https:\/\/josvainiugeles.lt\/en\/wp-json\/wp\/v2\/media?parent=1271"}],"wp:term":[{"taxonomy":"product_cat","embeddable":true,"href":"https:\/\/josvainiugeles.lt\/en\/wp-json\/wp\/v2\/product_cat?post=1271"},{"taxonomy":"product_tag","embeddable":true,"href":"https:\/\/josvainiugeles.lt\/en\/wp-json\/wp\/v2\/product_tag?post=1271"}],"curies":[{"name":"wp","href":"https:\/\/api.w.org\/{rel}","templated":true}]}}