{"id":69,"date":"2023-05-09T12:34:35","date_gmt":"2023-05-09T09:34:35","guid":{"rendered":"https:\/\/josvainiugeles.lt\/?page_id=69"},"modified":"2025-02-20T17:01:09","modified_gmt":"2025-02-20T15:01:09","slug":"kontaktai","status":"publish","type":"page","link":"https:\/\/josvainiugeles.lt\/en\/kontaktai\/","title":{"rendered":"Contacts"},"content":{"rendered":"<h1>Let's get in touch<\/h1>\n<p>__CONFIG_colors_palette__{&#8222;active_palette&#8221;:0,&#8221;config&#8221;:{&#8222;colors&#8221;:{&#8222;bca1d&#8221;:{&#8222;name&#8221;:&#8221;Fun Blue&#8221;,&#8221;parent&#8221;:-1}},&#8221;gradients&#8221;:[]},&#8221;palettes&#8221;:[{&#8222;name&#8221;:&#8221;Default&#8221;,&#8221;value&#8221;:{&#8222;colors&#8221;:{&#8222;bca1d&#8221;:{&#8222;val&#8221;:&#8221;var(&#8211;tcb-skin-color-0)&#8221;}},&#8221;gradients&#8221;:[]},&#8221;original&#8221;:{&#8222;colors&#8221;:{&#8222;bca1d&#8221;:{&#8222;val&#8221;:&#8221;rgb(31, 85, 173)&#8221;,&#8221;hsl&#8221;:{&#8222;h&#8221;:217,&#8221;s&#8221;:0.69,&#8221;l&#8221;:0.4,&#8221;a&#8221;:1}}},&#8221;gradients&#8221;:[]}}]}__CONFIG_colors_palette__               __CONFIG_colors_palette__{&#8222;active_palette&#8221;:0,&#8221;config&#8221;:{&#8222;colors&#8221;:{&#8222;30800&#8221;:{&#8222;name&#8221;:&#8221;Main Accent&#8221;,&#8221;parent&#8221;:-1},&#8221;f2bba&#8221;:{&#8222;name&#8221;:&#8221;Main Light 10&#8243;,&#8221;parent&#8221;:&#8221;30800&#8243;},&#8221;trewq&#8221;:{&#8222;name&#8221;:&#8221;Main Light 30&#8243;,&#8221;parent&#8221;:&#8221;30800&#8243;},&#8221;frty6&#8243;:{&#8222;name&#8221;:&#8221;Main Light 45&#8243;,&#8221;parent&#8221;:&#8221;30800&#8243;},&#8221;flktr&#8221;:{&#8222;name&#8221;:&#8221;Main Light 80&#8243;,&#8221;parent&#8221;:&#8221;30800&#8243;}},&#8221;gradients&#8221;:[]},&#8221;palettes&#8221;:[{&#8222;name&#8221;:&#8221;Default&#8221;,&#8221;value&#8221;:{&#8222;colors&#8221;:{&#8222;30800&#8221;:{&#8222;val&#8221;:&#8221;hsla(145, 53%, 24%, 1)&#8221;,&#8221;hsl&#8221;:{&#8222;h&#8221;:145.00000000000003,&#8221;s&#8221;:0.5299999999999999,&#8221;l&#8221;:0.24,&#8221;a&#8221;:1}},&#8221;f2bba&#8221;:{&#8222;val&#8221;:&#8221;rgba(59, 253, 140, 0.1)&#8221;,&#8221;hsl_parent_dependency&#8221;:{&#8222;h&#8221;:145.0515463917526,&#8221;s&#8221;:0.9797979797979799,&#8221;l&#8221;:0.611764705882353,&#8221;a&#8221;:0.1}},&#8221;trewq&#8221;:{&#8222;val&#8221;:&#8221;rgba(59, 253, 140, 0.3)&#8221;,&#8221;hsl_parent_dependency&#8221;:{&#8222;h&#8221;:145.0515463917526,&#8221;s&#8221;:0.9797979797979799,&#8221;l&#8221;:0.611764705882353,&#8221;a&#8221;:0.3}},&#8221;frty6&#8243;:{&#8222;val&#8221;:&#8221;rgba(59, 253, 140, 0.45)&#8221;,&#8221;hsl_parent_dependency&#8221;:{&#8222;h&#8221;:145.0515463917526,&#8221;s&#8221;:0.9797979797979799,&#8221;l&#8221;:0.611764705882353,&#8221;a&#8221;:0.45}},&#8221;flktr&#8221;:{&#8222;val&#8221;:&#8221;rgba(59, 253, 140, 0.8)&#8221;,&#8221;hsl_parent_dependency&#8221;:{&#8222;h&#8221;:145.0515463917526,&#8221;s&#8221;:0.9797979797979799,&#8221;l&#8221;:0.611764705882353,&#8221;a&#8221;:0.8}}},&#8221;gradients&#8221;:[]},&#8221;original&#8221;:{&#8222;colors&#8221;:{&#8222;30800&#8221;:{&#8222;val&#8221;:&#8221;rgb(59, 136, 253)&#8221;,&#8221;hsl&#8221;:{&#8222;h&#8221;:216,&#8221;s&#8221;:0.98,&#8221;l&#8221;:0.61}},&#8221;f2bba&#8221;:{&#8222;val&#8221;:&#8221;rgba(59, 136, 253, 0.1)&#8221;,&#8221;hsl_parent_dependency&#8221;:{&#8222;h&#8221;:216,&#8221;s&#8221;:0.98,&#8221;l&#8221;:0.61,&#8221;a&#8221;:0.1}},&#8221;trewq&#8221;:{&#8222;val&#8221;:&#8221;rgba(59, 136, 253, 0.3)&#8221;,&#8221;hsl_parent_dependency&#8221;:{&#8222;h&#8221;:216,&#8221;s&#8221;:0.98,&#8221;l&#8221;:0.61,&#8221;a&#8221;:0.3}},&#8221;frty6&#8243;:{&#8222;val&#8221;:&#8221;rgba(59, 136, 253,ntttt0.45)&#8221;,&#8221;hsl_parent_dependency&#8221;:{&#8222;h&#8221;:216,&#8221;s&#8221;:0.98,&#8221;l&#8221;:0.61,&#8221;a&#8221;:0.45}},&#8221;flktr&#8221;:{&#8222;val&#8221;:&#8221;rgba(59, 136, 253, 0.8)&#8221;,&#8221;hsl_parent_dependency&#8221;:{&#8222;h&#8221;:216,&#8221;s&#8221;:0.98,&#8221;l&#8221;:0.61,&#8221;a&#8221;:0.8}}},&#8221;gradients&#8221;:[]}}]}__CONFIG_colors_palette__   <span>  <\/span> <span style=\"\"><span>I have read and agree with <span data-attr-id=\"7\" data-extra_key=\"2\" data-option-inline=\"1\" data-shortcode=\"thrive_global_fields\" data-shortcode-name=\"[Legal] Privacy policy\" data-attr-static-link=\"{&quot;className&quot;:&quot;tcb-global-link-lhg66r8x&quot;,&quot;data-css&quot;:&quot;tve-u-1880b0f4383&quot;,&quot;href&quot;:&quot;https:\/\/josvainiugeles.lt\/privatumo-politika\/&quot;,&quot;target&quot;:&quot;&quot;,&quot;class&quot;:&quot;tcb-global-link-lhg66r8x&quot;}\"><a href=\"https:\/\/josvainiugeles.lt\/en\/privatumo-politika\/\" target=\"\">privacy policy<\/a><\/span><\/span><\/span>     __CONFIG_colors_palette__{&#8222;active_palette&#8221;:0,&#8221;config&#8221;:{&#8222;colors&#8221;:{&#8222;62516&#8221;:{&#8222;name&#8221;:&#8221;Main Accent&#8221;,&#8221;parent&#8221;:-1}},&#8221;gradients&#8221;:[]},&#8221;palettes&#8221;:[{&#8222;name&#8221;:&#8221;Default Palette&#8221;,&#8221;value&#8221;:{&#8222;colors&#8221;:{&#8222;62516&#8221;:{&#8222;val&#8221;:&#8221;var(&#8211;tcb-skin-color-0)&#8221;}},&#8221;gradients&#8221;:[]}}]}__CONFIG_colors_palette__ <a href=\"#\" style=\"\"> <span style=\"\"><span style=\"\">Send<\/span><\/span> <\/a>          <\/p>\n<h3>Write to us<\/h3>\n<p style=\"\"><span data-attr-enable_email=\"1\" data-attr-id=\"6\" data-extra_key=\"1\" data-option-inline=\"1\" data-shortcode=\"thrive_global_fields\" data-shortcode-name=\"[Company] Email address\" data-attr-static-link=\"{&quot;className&quot;:&quot;tcb-global-link-lhg66r8x&quot;,&quot;class&quot;:&quot;tcb-global-link-lhg66r8x&quot;,&quot;href&quot;:&quot;mailto:info@josvainiugeles.lt&quot;,&quot;data-css&quot;:&quot;tve-u-18802706bf2&quot;}\"><a href=\"mailto:info@josvainiugeles.lt\">info@josvainiugeles.lt<\/a><\/span><\/p>\n<h3>Call us<\/h3>\n<p><span data-attr-enable_call=\"1\" data-attr-id=\"4\" data-extra_key=\"1\" data-option-inline=\"1\" data-shortcode=\"thrive_global_fields\" data-shortcode-name=\"[Company] Phone number\" data-attr-static-link=\"{&quot;className&quot;:&quot;&quot;,&quot;href&quot;:&quot;tel:+370%20612%2089393&quot;,&quot;class&quot;:&quot;&quot;}\"><a href=\"tel: 370 612 89393\">+370 612 89393<\/a><\/span><\/p>\n<h4>Headquarters<\/h4>\n<p style=\"\"><a href=\"https:\/\/maps.app.goo.gl\/ZVcTCBRpcX4HbqBL8\" target=\"_blank\" style=\"outline: none;\">K\u0117daini\u0173 g. 38, Josvainiai<\/a><\/p>\n<p style=\"\">Mon-Sun 8:00-17:30<\/p>\n<h4>Palanga department<\/h4>\n<p style=\"\"><a href=\"https:\/\/maps.app.goo.gl\/4FAapuGk7Uc7VdpS9\" target=\"_blank\" style=\"outline: none;\">Palanga pl. 24, Vydmantai<\/a><\/p>\n<p style=\"\">Mon-Fri 9:00-18:30; Sun 9:00-15:00&nbsp;<\/p>\n<h4>Nursery in Domeikava<\/h4>\n<p style=\"\"><a href=\"https:\/\/maps.app.goo.gl\/sPRkEyWG4QoKeGubA\" target=\"_blank\" style=\"outline: none;\">Vand\u017eiogala pl. 53, Domeikava<\/a><\/p>\n<p style=\"\">Mon-Sun 9:00-19:00<\/p>","protected":false},"excerpt":{"rendered":"<p>Susisiekite __CONFIG_colors_palette__{&#8222;active_palette&#8221;:0,&#8221;config&#8221;:{&#8222;colors&#8221;:{&#8222;bca1d&#8221;:{&#8222;name&#8221;:&#8221;Fun Blue&#8221;,&#8221;parent&#8221;:-1}},&#8221;gradients&#8221;:[]},&#8221;palettes&#8221;:[{&#8222;name&#8221;:&#8221;Default&#8221;,&#8221;value&#8221;:{&#8222;colors&#8221;:{&#8222;bca1d&#8221;:{&#8222;val&#8221;:&#8221;var(&#8211;tcb-skin-color-0)&#8221;}},&#8221;gradients&#8221;:[]},&#8221;original&#8221;:{&#8222;colors&#8221;:{&#8222;bca1d&#8221;:{&#8222;val&#8221;:&#8221;rgb(31, 85, 173)&#8221;,&#8221;hsl&#8221;:{&#8222;h&#8221;:217,&#8221;s&#8221;:0.69,&#8221;l&#8221;:0.4,&#8221;a&#8221;:1}}},&#8221;gradients&#8221;:[]}}]}__CONFIG_colors_palette__ __CONFIG_colors_palette__{&#8222;active_palette&#8221;:0,&#8221;config&#8221;:{&#8222;colors&#8221;:{&#8222;30800&#8221;:{&#8222;name&#8221;:&#8221;Main Accent&#8221;,&#8221;parent&#8221;:-1},&#8221;f2bba&#8221;:{&#8222;name&#8221;:&#8221;Main Light 10&#8243;,&#8221;parent&#8221;:&#8221;30800&#8243;},&#8221;trewq&#8221;:{&#8222;name&#8221;:&#8221;Main Light 30&#8243;,&#8221;parent&#8221;:&#8221;30800&#8243;},&#8221;frty6&#8243;:{&#8222;name&#8221;:&#8221;Main Light 45&#8243;,&#8221;parent&#8221;:&#8221;30800&#8243;},&#8221;flktr&#8221;:{&#8222;name&#8221;:&#8221;Main Light 80&#8243;,&#8221;parent&#8221;:&#8221;30800&#8243;}},&#8221;gradients&#8221;:[]},&#8221;palettes&#8221;:[{&#8222;name&#8221;:&#8221;Default&#8221;,&#8221;value&#8221;:{&#8222;colors&#8221;:{&#8222;30800&#8221;:{&#8222;val&#8221;:&#8221;hsla(145, 53%, 24%, 1)&#8221;,&#8221;hsl&#8221;:{&#8222;h&#8221;:145.00000000000003,&#8221;s&#8221;:0.5299999999999999,&#8221;l&#8221;:0.24,&#8221;a&#8221;:1}},&#8221;f2bba&#8221;:{&#8222;val&#8221;:&#8221;rgba(59, 253, 140, 0.1)&#8221;,&#8221;hsl_parent_dependency&#8221;:{&#8222;h&#8221;:145.0515463917526,&#8221;s&#8221;:0.9797979797979799,&#8221;l&#8221;:0.611764705882353,&#8221;a&#8221;:0.1}},&#8221;trewq&#8221;:{&#8222;val&#8221;:&#8221;rgba(59, 253, 140, 0.3)&#8221;,&#8221;hsl_parent_dependency&#8221;:{&#8222;h&#8221;:145.0515463917526,&#8221;s&#8221;:0.9797979797979799,&#8221;l&#8221;:0.611764705882353,&#8221;a&#8221;:0.3}},&#8221;frty6&#8243;:{&#8222;val&#8221;:&#8221;rgba(59, 253, 140, 0.45)&#8221;,&#8221;hsl_parent_dependency&#8221;:{&#8222;h&#8221;:145.0515463917526,&#8221;s&#8221;:0.9797979797979799,&#8221;l&#8221;:0.611764705882353,&#8221;a&#8221;:0.45}},&#8221;flktr&#8221;:{&#8222;val&#8221;:&#8221;rgba(59, 253, 140, 0.8)&#8221;,&#8221;hsl_parent_dependency&#8221;:{&#8222;h&#8221;:145.0515463917526,&#8221;s&#8221;:0.9797979797979799,&#8221;l&#8221;:0.611764705882353,&#8221;a&#8221;:0.8}}},&#8221;gradients&#8221;:[]},&#8221;original&#8221;:{&#8222;colors&#8221;:{&#8222;30800&#8221;:{&#8222;val&#8221;:&#8221;rgb(59, 136, 253)&#8221;,&#8221;hsl&#8221;:{&#8222;h&#8221;:216,&#8221;s&#8221;:0.98,&#8221;l&#8221;:0.61}},&#8221;f2bba&#8221;:{&#8222;val&#8221;:&#8221;rgba(59, 136, 253, 0.1)&#8221;,&#8221;hsl_parent_dependency&#8221;:{&#8222;h&#8221;:216,&#8221;s&#8221;:0.98,&#8221;l&#8221;:0.61,&#8221;a&#8221;:0.1}},&#8221;trewq&#8221;:{&#8222;val&#8221;:&#8221;rgba(59, 136, 253, 0.3)&#8221;,&#8221;hsl_parent_dependency&#8221;:{&#8222;h&#8221;:216,&#8221;s&#8221;:0.98,&#8221;l&#8221;:0.61,&#8221;a&#8221;:0.3}},&#8221;frty6&#8243;:{&#8222;val&#8221;:&#8221;rgba(59, 136, 253,ntttt0.45)&#8221;,&#8221;hsl_parent_dependency&#8221;:{&#8222;h&#8221;:216,&#8221;s&#8221;:0.98,&#8221;l&#8221;:0.61,&#8221;a&#8221;:0.45}},&#8221;flktr&#8221;:{&#8222;val&#8221;:&#8221;rgba(59, 136, 253, 0.8)&#8221;,&#8221;hsl_parent_dependency&#8221;:{&#8222;h&#8221;:216,&#8221;s&#8221;:0.98,&#8221;l&#8221;:0.61,&#8221;a&#8221;:0.8}}},&#8221;gradients&#8221;:[]}}]}__CONFIG_colors_palette__ Susipa\u017einau ir sutinku su Privatumo politika __CONFIG_colors_palette__{&#8222;active_palette&#8221;:0,&#8221;config&#8221;:{&#8222;colors&#8221;:{&#8222;62516&#8221;:{&#8222;name&#8221;:&#8221;Main Accent&#8221;,&#8221;parent&#8221;:-1}},&#8221;gradients&#8221;:[]},&#8221;palettes&#8221;:[{&#8222;name&#8221;:&#8221;Default Palette&#8221;,&#8221;value&#8221;:{&#8222;colors&#8221;:{&#8222;62516&#8221;:{&#8222;val&#8221;:&#8221;var(&#8211;tcb-skin-color-0)&#8221;}},&#8221;gradients&#8221;:[]}}]}__CONFIG_colors_palette__ Si\u0173sti Para\u0161ykite info@josvainiugeles.lt [&hellip;]<\/p>","protected":false},"author":1,"featured_media":558,"parent":0,"menu_order":0,"comment_status":"closed","ping_status":"closed","template":"","meta":{"_acf_changed":false,"inline_featured_image":false,"slim_seo":{"description":"Kvie\u010diame u\u017esukti \u012f m\u016bs\u0173 \u0161iltnamius adresu K\u0117daini\u0173 g. 38, Josvainiai, K\u0117daini\u0173 r.!"},"footnotes":""},"class_list":["post-69","page","type-page","status-publish","has-post-thumbnail","hentry","post-wrapper","thrv_wrapper"],"acf":[],"_links":{"self":[{"href":"https:\/\/josvainiugeles.lt\/en\/wp-json\/wp\/v2\/pages\/69","targetHints":{"allow":["GET"]}}],"collection":[{"href":"https:\/\/josvainiugeles.lt\/en\/wp-json\/wp\/v2\/pages"}],"about":[{"href":"https:\/\/josvainiugeles.lt\/en\/wp-json\/wp\/v2\/types\/page"}],"author":[{"embeddable":true,"href":"https:\/\/josvainiugeles.lt\/en\/wp-json\/wp\/v2\/users\/1"}],"replies":[{"embeddable":true,"href":"https:\/\/josvainiugeles.lt\/en\/wp-json\/wp\/v2\/comments?post=69"}],"version-history":[{"count":5,"href":"https:\/\/josvainiugeles.lt\/en\/wp-json\/wp\/v2\/pages\/69\/revisions"}],"predecessor-version":[{"id":1623,"href":"https:\/\/josvainiugeles.lt\/en\/wp-json\/wp\/v2\/pages\/69\/revisions\/1623"}],"wp:featuredmedia":[{"embeddable":true,"href":"https:\/\/josvainiugeles.lt\/en\/wp-json\/wp\/v2\/media\/558"}],"wp:attachment":[{"href":"https:\/\/josvainiugeles.lt\/en\/wp-json\/wp\/v2\/media?parent=69"}],"curies":[{"name":"wp","href":"https:\/\/api.w.org\/{rel}","templated":true}]}}