{"id":1487,"date":"2024-07-08T15:26:23","date_gmt":"2024-07-08T12:26:23","guid":{"rendered":"https:\/\/josvainiugeles.lt\/?page_id=1487"},"modified":"2024-07-19T10:08:11","modified_gmt":"2024-07-19T07:08:11","slug":"dovanu-kuponai","status":"publish","type":"page","link":"https:\/\/josvainiugeles.lt\/en\/dovanu-kuponai\/","title":{"rendered":"Dovan\u0173 kuponai"},"content":{"rendered":"<p>[tcb-script](function (t) {    var b = document.createElement(&#8222;script&#8221;);    b.src = &#8222;https:\/\/cdn.korta.app\/widget.js?v=&#8221; + (new Date()).getTime();    b.type = &#8222;text\/javascript&#8221;;    window.korta_token = t;    document.body.appendChild(b);})(&#8216;yMvdnQZKUr&#8217;)[\/tcb-script]<\/p>","protected":false},"excerpt":{"rendered":"<p>[tcb-script](function (t) { var b = document.createElement(&#8222;script&#8221;); b.src = &#8222;https:\/\/cdn.korta.app\/widget.js?v=&#8221; + (new Date()).getTime(); b.type = &#8222;text\/javascript&#8221;; window.korta_token = t; document.body.appendChild(b);})(&#8216;yMvdnQZKUr&#8217;)[\/tcb-script]<\/p>","protected":false},"author":1,"featured_media":1514,"parent":0,"menu_order":0,"comment_status":"closed","ping_status":"closed","template":"","meta":{"_acf_changed":false,"inline_featured_image":false,"slim_seo":{"description":"Dovan\u0173 kuponai - vienmet\u0117s ir daugiamet\u0117s g\u0117l\u0117s bei kiti augalai; \u017eeldintojo konsultacija; edukacij\u0173 rengimas augal\u0173 tema;"},"footnotes":""},"class_list":["post-1487","page","type-page","status-publish","has-post-thumbnail","hentry","post-wrapper","thrv_wrapper"],"acf":[],"_links":{"self":[{"href":"https:\/\/josvainiugeles.lt\/en\/wp-json\/wp\/v2\/pages\/1487","targetHints":{"allow":["GET"]}}],"collection":[{"href":"https:\/\/josvainiugeles.lt\/en\/wp-json\/wp\/v2\/pages"}],"about":[{"href":"https:\/\/josvainiugeles.lt\/en\/wp-json\/wp\/v2\/types\/page"}],"author":[{"embeddable":true,"href":"https:\/\/josvainiugeles.lt\/en\/wp-json\/wp\/v2\/users\/1"}],"replies":[{"embeddable":true,"href":"https:\/\/josvainiugeles.lt\/en\/wp-json\/wp\/v2\/comments?post=1487"}],"version-history":[{"count":4,"href":"https:\/\/josvainiugeles.lt\/en\/wp-json\/wp\/v2\/pages\/1487\/revisions"}],"predecessor-version":[{"id":1491,"href":"https:\/\/josvainiugeles.lt\/en\/wp-json\/wp\/v2\/pages\/1487\/revisions\/1491"}],"wp:featuredmedia":[{"embeddable":true,"href":"https:\/\/josvainiugeles.lt\/en\/wp-json\/wp\/v2\/media\/1514"}],"wp:attachment":[{"href":"https:\/\/josvainiugeles.lt\/en\/wp-json\/wp\/v2\/media?parent=1487"}],"curies":[{"name":"wp","href":"https:\/\/api.w.org\/{rel}","templated":true}]}}